{"id":92,"date":"2011-03-02T15:29:18","date_gmt":"2011-03-02T15:29:18","guid":{"rendered":"https:\/\/zel.com.br\/fabricando\/?page_id=92"},"modified":"2015-06-12T11:35:38","modified_gmt":"2015-06-12T14:35:38","slug":"arquivos","status":"publish","type":"page","link":"https:\/\/zel.com.br\/fabricando\/arquivos","title":{"rendered":"Arquivos"},"content":{"rendered":"<p><a href=\"https:\/\/zel.com.br\/fabricando\/2009\/12\" target=\"_blank\">Dezembro<\/a> de 2009, quando tudo come\u00e7ou.<\/p>\n<p>Gravidez, 2010:<\/p>\n<ul>\n<li><a href=\"https:\/\/zel.com.br\/fabricando\/2010\/01\" target=\"_blank\">Janeiro<\/a><\/li>\n<li><a href=\"https:\/\/zel.com.br\/fabricando\/2010\/02\" target=\"_blank\">Fevereiro<\/a><\/li>\n<li><a href=\"https:\/\/zel.com.br\/fabricando\/2010\/03\" target=\"_blank\">Mar\u00e7o<\/a><\/li>\n<li><a href=\"https:\/\/zel.com.br\/fabricando\/2010\/04\" target=\"_blank\">Abril<\/a><\/li>\n<li><a href=\"https:\/\/zel.com.br\/fabricando\/2010\/05\" target=\"_blank\">Maio<\/a><\/li>\n<li><a href=\"https:\/\/zel.com.br\/fabricando\/2010\/06\" target=\"_blank\">Junho<\/a><\/li>\n<li><a href=\"https:\/\/zel.com.br\/fabricando\/2010\/07\" target=\"_blank\">Julho<\/a><\/li>\n<li><a href=\"https:\/\/zel.com.br\/fabricando\/2010\/08\" target=\"_blank\">Agosto<\/a><\/li>\n<\/ul>\n<p>2010, logo depois que o menino chegou:<\/p>\n<ul>\n<li>Setembro n\u00e3o existe, \u00e9 o limbo p\u00f3s parto \ud83d\ude42<\/li>\n<li><a href=\"https:\/\/zel.com.br\/fabricando\/2010\/10\" target=\"_blank\">Outubro<\/a><\/li>\n<li><a href=\"https:\/\/zel.com.br\/fabricando\/2010\/11\" target=\"_blank\">Novembro<\/a><\/li>\n<li><a href=\"https:\/\/zel.com.br\/fabricando\/2010\/12\" target=\"_blank\">Dezembro<\/a><\/li>\n<\/ul>\n<p>2011:<\/p>\n<ul>\n<li><a href=\"https:\/\/zel.com.br\/fabricando\/2011\/01\" target=\"_blank\">Janeiro<\/a><\/li>\n<li><a href=\"https:\/\/zel.com.br\/fabricando\/2011\/02\" target=\"_blank\">Fevereiro<\/a><\/li>\n<li><a href=\"https:\/\/zel.com.br\/fabricando\/2011\/03\" target=\"_blank\">Mar\u00e7o<\/a><\/li>\n<li><a href=\"https:\/\/zel.com.br\/fabricando\/2011\/04\" target=\"_blank\">Abril<\/a><\/li>\n<li><a href=\"https:\/\/zel.com.br\/fabricando\/2011\/05\" target=\"_blank\">Maio<\/a><\/li>\n<li><a href=\"https:\/\/zel.com.br\/fabricando\/2011\/06\" target=\"_blank\">Junho<\/a><\/li>\n<li><a href=\"https:\/\/zel.com.br\/fabricando\/2011\/07\" target=\"_blank\">Julho<\/a><\/li>\n<li><a href=\"https:\/\/zel.com.br\/fabricando\/2011\/08\" target=\"_blank\">Agosto<\/a><\/li>\n<li><a href=\"https:\/\/zel.com.br\/fabricando\/2011\/09\" target=\"_blank\">Setembro<\/a><\/li>\n<li><a href=\"https:\/\/zel.com.br\/fabricando\/2011\/10\" target=\"_blank\">Outubro<\/a><\/li>\n<li><a href=\"https:\/\/zel.com.br\/fabricando\/2011\/11\" target=\"_blank\">Novembro<\/a><\/li>\n<li><a href=\"https:\/\/zel.com.br\/fabricando\/2011\/12\" target=\"_blank\">Dezembro<\/a><\/li>\n<\/ul>\n<p>2012:<\/p>\n<ul>\n<li><a href=\"https:\/\/zel.com.br\/fabricando\/2012\/01\" target=\"_blank\">Janeiro<\/a><\/li>\n<li><a href=\"https:\/\/zel.com.br\/fabricando\/2012\/02\" target=\"_blank\">Fevereiro<\/a><\/li>\n<li><a href=\"https:\/\/zel.com.br\/fabricando\/2012\/03\" target=\"_blank\">Mar\u00e7o<\/a><\/li>\n<li><a href=\"https:\/\/zel.com.br\/fabricando\/2012\/04\" target=\"_blank\">Abril<\/a><\/li>\n<li><a href=\"https:\/\/zel.com.br\/fabricando\/2012\/05\" target=\"_blank\">Maio<\/a><\/li>\n<li><a href=\"https:\/\/zel.com.br\/fabricando\/2012\/06\" target=\"_blank\">Junho<\/a><\/li>\n<li><a href=\"https:\/\/zel.com.br\/fabricando\/2012\/07\" target=\"_blank\">Julho<\/a><\/li>\n<li><a href=\"https:\/\/zel.com.br\/fabricando\/2012\/08\" target=\"_blank\">Agosto<\/a><\/li>\n<li><a href=\"https:\/\/zel.com.br\/fabricando\/2012\/09\" target=\"_blank\">Setembro<\/a><\/li>\n<li><a href=\"https:\/\/zel.com.br\/fabricando\/2012\/10\" target=\"_blank\">Outubro<\/a><\/li>\n<li><a href=\"https:\/\/zel.com.br\/fabricando\/2012\/11\" target=\"_blank\">Novembro<\/a><\/li>\n<li><a href=\"https:\/\/zel.com.br\/fabricando\/2012\/12\" target=\"_blank\">Dezembro<\/a><\/li>\n<\/ul>\n<p>&nbsp;<\/p>\n<p>2013:<\/p>\n<ul>\n<li><a href=\"https:\/\/zel.com.br\/fabricando\/2013\/01\" target=\"_blank\">Janeiro<\/a><\/li>\n<li><a href=\"https:\/\/zel.com.br\/fabricando\/2013\/02\" target=\"_blank\">Fevereiro<\/a><\/li>\n<li><a href=\"https:\/\/zel.com.br\/fabricando\/2013\/03\" target=\"_blank\">Mar\u00e7o<\/a><\/li>\n<li><a href=\"https:\/\/zel.com.br\/fabricando\/2013\/04\" target=\"_blank\">Abril<\/a><\/li>\n<li><a href=\"https:\/\/zel.com.br\/fabricando\/2013\/05\" target=\"_blank\">Maio<\/a><\/li>\n<li><a href=\"https:\/\/zel.com.br\/fabricando\/2013\/06\" target=\"_blank\">Junho<\/a><\/li>\n<li><a href=\"https:\/\/zel.com.br\/fabricando\/2013\/07\" target=\"_blank\">Julho<\/a><\/li>\n<li><a href=\"https:\/\/zel.com.br\/fabricando\/2013\/08\" target=\"_blank\">Agosto<\/a><\/li>\n<li><a href=\"https:\/\/zel.com.br\/fabricando\/2013\/09\" target=\"_blank\">Setembro<\/a><\/li>\n<li><a href=\"https:\/\/zel.com.br\/fabricando\/2013\/10\" target=\"_blank\">Outubro<\/a><\/li>\n<li><a href=\"https:\/\/zel.com.br\/fabricando\/2013\/11\" target=\"_blank\">Novembro<\/a><\/li>\n<li><a href=\"https:\/\/zel.com.br\/fabricando\/2013\/12\" target=\"_blank\">Dezembro<\/a><\/li>\n<\/ul>\n<p>&nbsp;<\/p>\n<p>2014:<\/p>\n<ul>\n<li><a href=\"https:\/\/zel.com.br\/fabricando\/2014\/01\" target=\"_blank\">Janeiro<\/a><\/li>\n<li><a href=\"https:\/\/zel.com.br\/fabricando\/2014\/02\" target=\"_blank\">Fevereiro<\/a><\/li>\n<li><a href=\"https:\/\/zel.com.br\/fabricando\/2014\/03\" target=\"_blank\">Mar\u00e7o<\/a><\/li>\n<li><a href=\"https:\/\/zel.com.br\/fabricando\/2014\/04\" target=\"_blank\">Abril<\/a><\/li>\n<li><a href=\"https:\/\/zel.com.br\/fabricando\/2014\/05\" target=\"_blank\">Maio<\/a><\/li>\n<li><a href=\"https:\/\/zel.com.br\/fabricando\/2014\/06\" target=\"_blank\">Junho<\/a><\/li>\n<li><a href=\"https:\/\/zel.com.br\/fabricando\/2014\/07\" target=\"_blank\">Julho<\/a><\/li>\n<li><a href=\"https:\/\/zel.com.br\/fabricando\/2014\/08\" target=\"_blank\">Agosto<\/a><\/li>\n<li><a href=\"https:\/\/zel.com.br\/fabricando\/2014\/09\" target=\"_blank\">Setembro<\/a><\/li>\n<li><a href=\"https:\/\/zel.com.br\/fabricando\/2014\/10\" target=\"_blank\">Outubro<\/a><\/li>\n<li><a href=\"https:\/\/zel.com.br\/fabricando\/2014\/11\" target=\"_blank\">Novembro<\/a><\/li>\n<li><a href=\"https:\/\/zel.com.br\/fabricando\/2014\/12\" target=\"_blank\">Dezembro<\/a><\/li>\n<\/ul>\n<p>&nbsp;<\/p>\n<p>2015:<\/p>\n<ul>\n<li><a href=\"https:\/\/zel.com.br\/fabricando\/2015\/01\" target=\"_blank\">Janeiro<\/a><\/li>\n<li><a href=\"https:\/\/zel.com.br\/fabricando\/2015\/02\" target=\"_blank\">Fevereiro<\/a><\/li>\n<li><a href=\"https:\/\/zel.com.br\/fabricando\/2015\/03\" target=\"_blank\">Mar\u00e7o<\/a><\/li>\n<li><a href=\"https:\/\/zel.com.br\/fabricando\/2015\/04\" target=\"_blank\">Abril<\/a><\/li>\n<li><a href=\"https:\/\/zel.com.br\/fabricando\/2015\/05\" target=\"_blank\">Maio<\/a><\/li>\n<li><a href=\"https:\/\/zel.com.br\/fabricando\/2015\/06\" target=\"_blank\">Junho<\/a><\/li>\n<li><a href=\"https:\/\/zel.com.br\/fabricando\/2015\/07\" target=\"_blank\">Julho<\/a><\/li>\n<li><a href=\"https:\/\/zel.com.br\/fabricando\/2015\/08\" target=\"_blank\">Agosto<\/a><\/li>\n<li><a href=\"https:\/\/zel.com.br\/fabricando\/2015\/09\" target=\"_blank\">Setembro<\/a><\/li>\n<li><a href=\"https:\/\/zel.com.br\/fabricando\/2015\/10\" target=\"_blank\">Outubro<\/a><\/li>\n<li><a href=\"https:\/\/zel.com.br\/fabricando\/2015\/11\" target=\"_blank\">Novembro<\/a><\/li>\n<li><a href=\"https:\/\/zel.com.br\/fabricando\/2015\/12\" target=\"_blank\">Dezembro<\/a><\/li>\n<\/ul>\n<p>&nbsp;<\/p>\n","protected":false},"excerpt":{"rendered":"<p>Dezembro de 2009, quando tudo come\u00e7ou. Gravidez, 2010: Janeiro Fevereiro Mar\u00e7o Abril Maio Junho Julho Agosto 2010, logo depois que o menino chegou: Setembro n\u00e3o existe, \u00e9 o limbo p\u00f3s parto \ud83d\ude42 Outubro Novembro Dezembro 2011: Janeiro Fevereiro Mar\u00e7o Abril Maio Junho Julho Agosto Setembro Outubro Novembro Dezembro 2012: Janeiro Fevereiro Mar\u00e7o Abril Maio Junho [&hellip;]<\/p>\n","protected":false},"author":2,"featured_media":0,"parent":0,"menu_order":0,"comment_status":"closed","ping_status":"closed","template":"","meta":{"footnotes":""},"class_list":["post-92","page","type-page","status-publish","hentry"],"_links":{"self":[{"href":"https:\/\/zel.com.br\/fabricando\/wp-json\/wp\/v2\/pages\/92","targetHints":{"allow":["GET"]}}],"collection":[{"href":"https:\/\/zel.com.br\/fabricando\/wp-json\/wp\/v2\/pages"}],"about":[{"href":"https:\/\/zel.com.br\/fabricando\/wp-json\/wp\/v2\/types\/page"}],"author":[{"embeddable":true,"href":"https:\/\/zel.com.br\/fabricando\/wp-json\/wp\/v2\/users\/2"}],"replies":[{"embeddable":true,"href":"https:\/\/zel.com.br\/fabricando\/wp-json\/wp\/v2\/comments?post=92"}],"version-history":[{"count":0,"href":"https:\/\/zel.com.br\/fabricando\/wp-json\/wp\/v2\/pages\/92\/revisions"}],"wp:attachment":[{"href":"https:\/\/zel.com.br\/fabricando\/wp-json\/wp\/v2\/media?parent=92"}],"curies":[{"name":"wp","href":"https:\/\/api.w.org\/{rel}","templated":true}]}}