{"id":2,"date":"2011-05-13T17:37:28","date_gmt":"2011-05-13T17:37:28","guid":{"rendered":"https:\/\/zel.com.br\/ferrets\/?page_id=2"},"modified":"2011-05-13T18:22:20","modified_gmt":"2011-05-13T18:22:20","slug":"resumo","status":"publish","type":"page","link":"https:\/\/zel.com.br\/ferrets\/resumo","title":{"rendered":"quem s\u00e3o eles e quem somos n\u00f3s?"},"content":{"rendered":"<p>pra come\u00e7ar, um pouco mais de informa\u00e7\u00e3o sobre os ferrets: <a href=\"http:\/\/pt.wikipedia.org\/wiki\/Mustelidae\" target=\"_blank\">sua fam\u00edlia<\/a> e <a href=\"http:\/\/pt.wikipedia.org\/wiki\/Toir\u00c3\u00a3o\" target=\"_blank\">sua hist\u00f3ria<\/a>.<\/p>\n<p>ferrets n\u00e3o s\u00e3o roedores, s\u00e3o carn\u00edvoros. ferrets tampouco s\u00e3o animais silvestres, eles v\u00eam sendo domesticados h\u00e1 centenas de anos para controle de pragas (roedores) e s\u00e3o quase t\u00e3o populares quanto c\u00e3es e gatos nos estados unidos, de onde eles v\u00eam para o brasil. ferrets s\u00e3o animais ativos, brincalh\u00f5es e que d\u00e3o trabalho pra cuidar, sim. eles custam caro tanto para comprar quanto para manter (se algu\u00e9m disser o contr\u00e1rio, desconfie). s\u00e3o criaturas felizes, divertidas e extremamente carinhosas (quando nos brindam com sua aten\u00e7\u00e3o). devem ser amados e respeitados, como todos os outros animais.<\/p>\n<p>neste blog voc\u00ea vai encontrar de tudo sobre ferrets: informa\u00e7\u00e3o, hist\u00f3rias, fotos, relatos de problemas e solu\u00e7\u00f5es. nosso objetivo \u00e9 compartilhar um pouco do prazer que a conviv\u00eancia com esses pequenos nos traz e tamb\u00e9m informar outras pessoas que tenham ferrets ou que queiram saber mais sobre eles.<\/p>\n<p>segue um pouco de informa\u00e7\u00e3o sobre nossa fam\u00edlia:<\/p>\n<p><strong>pastel ou pastelito<\/strong> (albino, macho). nasceu em 03\/fev\/2000, foi comprado filhote e chegou a quase 2,5kg. se foi em 11\/jan\/2002, cedo demais, com uma pneumonia. enquanto esteve conosco foi uma criatura mimada e rabugenta. mordia profissionalmente e se escondia como um espi\u00e3o. odiava contato f\u00edsico sem  sua iniciativa. tinha \u00f3dio de ant\u00farios, por raz\u00e3o desconhecida. comia calcinhas e batia no irm\u00e3o. <strong>principal caracter\u00edstica<\/strong>: rabujice<\/p>\n<p><strong>pixel ou pixolino<\/strong> (silver mitt que se tornou white, macho). nasceu em 18\/mar\/2000, foi comprado filhote e pesava cerca de 1,2kg. se foi em 21\/set\/2005 com uma \u00falcera grav\u00edssima n\u00e3o detectada a tempo. foi e sempre ser\u00e1 o amor da minha vida. foi o ferret mais doce e querido que j\u00e1 vi, dormia na cama com a cabe\u00e7a no travesseiro. atendia quando chamado, adorava p\u00eara (se eu mordesse uma p\u00eara em qualquer c\u00f4modo da casa ele aparecia, de onde estivesse), passava as m\u00e3ozinhas na cara e fazia <em>o cocodrilo<\/em> (aquele movimento de rota\u00e7\u00e3o que o crocodilo faz quando morde sua v\u00edtima). derrubava livros da estante, abria gavetas e dava beijinhos nas pessoas que amava, sempre. <strong>principal caracter\u00edstica<\/strong>: do\u00e7ura<\/p>\n<p><strong>groo ou gumercindo<\/strong> (panda, macho pra chuchu). nasceu em 16\/abr\/2000, foi adotado em 2004. o dono anterior achava que ele tinha metade da idade que tinha e que era f\u00eamea. era alimentado com comida do tipo indeterminada (desconfiamos de arroz, feij\u00e3o e bife). j\u00e1 foi operado de uma adrenal e do p\u00e2ncreas (out\/2006), tinha tumores malignos. pesa cerca de 1,5kg e anda por aqui empurrando os m\u00f3veis da casa. <strong>principal caracter\u00edstica<\/strong>: mau-humor cr\u00f4nico<\/p>\n<p><strong>didi<\/strong> (silver, f\u00eamea). nasceu em 29\/set\/2000, foi adotada em 2002, pesa cerca de 650g. \u00e9 a dona da casa e profissional em transporte de objetos de pel\u00facia e sapatos. ela engana porque \u00e9 pequena, mas nenhum ferret, mesmo os que s\u00e3o o dobro dela, se metem a besta: ela enfia a porrada neles e s\u00f3 faz o que quer. sabe exatamente onde fica cada um dos seus bichos de pel\u00facia e se irrita profundamente quando tiramos algum deles do lugar. morde sem d\u00f3 nem piedade e n\u00e3o sai correndo. achamos que ela usa duracell. <strong>principal caracter\u00edstica<\/strong>: impaci\u00eancia com os demais moradores da <em>sua<\/em> casa<\/p>\n<p><strong>gollum ou golitous<\/strong> (silver mitt que se tornou white, muito macho). nasceu em 30\/nov\/2002 e foi adotado em out\/2005. teve insulinoma e foi operado, tirando quase metade do p\u00e2ncreas em mai\/2006. ficou diab\u00e9tico por alguns meses, tomando insulina, mas se recuperou 100%. pesa cerca de 1,3kg e \u00e9 um ser possu\u00eddo. viciado em coca-cola (que n\u00f3s n\u00e3o damos, mas ele sempre sabe quando uma lata ou garrafa foi aberta, pois aparece imediatamente) e irritador profissional de todos os demais ferrets. \u00e9 um esp\u00edrito livre e n\u00e3o se conforma com portas, arranhando insistentemente qualquer uma que estiver fechada. derruba todos os objetos ao seu alcance. <strong>principal caracter\u00edstica<\/strong>: predador-selvagem-assassino<\/p>\n<p><strong>pretinha ou thame<\/strong> (sable, f\u00eamea). nasceu em 12\/jul\/2003 e foi adotada em jul\/2005. pesa cerca de 700g e \u00e9 o fur\u00e3o mais perfeito que j\u00e1 vimos. tem uma pelagem perfeita, \u00e9 carinhosa (dorme no colo), faz manha e se joga no ch\u00e3o com a barriga pra cima. deita no nosso p\u00e9 e pede pra ser abra\u00e7ada. morde de levinho pra chamar a aten\u00e7\u00e3o e nos faz sentir culpados por n\u00e3o am\u00e1-la 100% do tempo. dorme numa almofadinha colorida, nos p\u00e9s do papai. ataca a vov\u00f3 como se fosse um leopardo e pensa que \u00e9 passarinho: sobe no sof\u00e1 e se joga de l\u00e1 de cima, se algu\u00e9m estiver por perto. <strong>principal caracter\u00edstica<\/strong>: chantagem emocional FORTE<\/p>\n<p><strong>f\u00eanix ou faniquita<\/strong> (sable point, f\u00eamea). nasceu tamb\u00e9m em 12\/jul\/2003 e foi adotada em out\/2005, pesa cerca de 700g. ela usa smoking e \u00e9 a mais discreta de todos eles. mas \u00e9 tudo disfarce: \u00e9 a mais ladra e definitivamente a mais safada: morde nosso p\u00e9 e sai correndo, rouba absolutamente tudo o que v\u00ea pela frente (inclusive coisas muito maiores do que ela) e chama os outros pro pau, fazendo DONK DONK bem alto. cada vez fica mais dengosa, pede colo e faz gracinhas. <strong>principal caracter\u00edstica<\/strong>: cara de pau<\/p>\n<p>e n\u00f3s, humanos, somos <a href=\"https:\/\/zel.com.br\/\" target=\"_blank\">zel<\/a> e <a href=\"http:\/\/palavrasbrutas.blogspot.com\/\" target=\"_blank\">fer<\/a>. ela \u00e9 consultora de TI na \u00e1rea de melhoria de processos e ele \u00e9 consultor na \u00e1rea de intelig\u00eancia de mercado. s\u00e3o casados desde jun\/2003, ambos piscianos, grudentos e apaixonados por animais de forma geral (inclusive um pelo outro :D).<\/p>\n<p>cuidamos dos nossos ferrets melhor que de n\u00f3s mesmos e fazemos absoluta quest\u00e3o que eles sejam livres, dentro do limite do nosso apartamento. eles jamais ficam presos em gaiolas, comem a melhor ra\u00e7\u00e3o que existe, t\u00eam sempre \u00e1gua limpa, caixinhas de areia, jornais espalhados pelos cantos, brinquedos e muitas redinhas e paninhos que s\u00e3o trocados semanalmente. raramente viajamos os dois juntos, para n\u00e3o deix\u00e1-los sozinhos. quando viajamos, minha m\u00e3e cuida deles 2 vezes por dia, todos os dias. levamos os pequenos ao veterin\u00e1rio a cada 15 ou 20 dias, mais ou menos, e sempre que qualquer problema \u00e9 detectado. gastamos um bom dinheiro com eles, principalmente quando \u00e9 necess\u00e1rio operar ou medicar.<\/p>\n<p>advertimos logo de cara e com bastante \u00eanfase: ferrets n\u00e3o s\u00e3o animais simples e baratos de manter e cuidar, tenha consci\u00eancia antes de adotar um!<\/p>\n","protected":false},"excerpt":{"rendered":"<p>pra come\u00e7ar, um pouco mais de informa\u00e7\u00e3o sobre os ferrets: sua fam\u00edlia e sua hist\u00f3ria. ferrets n\u00e3o s\u00e3o roedores, s\u00e3o carn\u00edvoros. ferrets tampouco s\u00e3o animais silvestres, eles v\u00eam sendo domesticados h\u00e1 centenas de anos para controle de pragas (roedores) e &hellip; <a href=\"https:\/\/zel.com.br\/ferrets\/resumo\">Continue reading <span class=\"meta-nav\">&rarr;<\/span><\/a><\/p>\n","protected":false},"author":2,"featured_media":0,"parent":0,"menu_order":0,"comment_status":"open","ping_status":"closed","template":"","meta":{"footnotes":""},"class_list":["post-2","page","type-page","status-publish","hentry"],"_links":{"self":[{"href":"https:\/\/zel.com.br\/ferrets\/wp-json\/wp\/v2\/pages\/2","targetHints":{"allow":["GET"]}}],"collection":[{"href":"https:\/\/zel.com.br\/ferrets\/wp-json\/wp\/v2\/pages"}],"about":[{"href":"https:\/\/zel.com.br\/ferrets\/wp-json\/wp\/v2\/types\/page"}],"author":[{"embeddable":true,"href":"https:\/\/zel.com.br\/ferrets\/wp-json\/wp\/v2\/users\/2"}],"replies":[{"embeddable":true,"href":"https:\/\/zel.com.br\/ferrets\/wp-json\/wp\/v2\/comments?post=2"}],"version-history":[{"count":0,"href":"https:\/\/zel.com.br\/ferrets\/wp-json\/wp\/v2\/pages\/2\/revisions"}],"wp:attachment":[{"href":"https:\/\/zel.com.br\/ferrets\/wp-json\/wp\/v2\/media?parent=2"}],"curies":[{"name":"wp","href":"https:\/\/api.w.org\/{rel}","templated":true}]}}